{"id":629,"date":"2023-06-22T07:26:39","date_gmt":"2023-06-22T07:26:39","guid":{"rendered":"https:\/\/www.safyr-solution.com\/?page_id=629"},"modified":"2024-03-08T14:34:25","modified_gmt":"2024-03-08T14:34:25","slug":"conditions-generales-de-vente","status":"publish","type":"page","link":"https:\/\/www.safyr-solution.com\/fr\/conditions-generales-de-vente\/","title":{"rendered":"Conditions g\u00e9n\u00e9rales de vente"},"content":{"rendered":"\t\t<div data-elementor-type=\"wp-page\" data-elementor-id=\"629\" class=\"elementor elementor-629\" data-elementor-post-type=\"page\">\n\t\t\t\t<div class=\"elementor-element elementor-element-29072e8 e-flex e-con-boxed e-con e-parent\" data-id=\"29072e8\" data-element_type=\"container\" data-e-type=\"container\">\n\t\t\t\t\t<div class=\"e-con-inner\">\n\t\t\t\t<div class=\"elementor-element elementor-element-3b5239c elementor-widget elementor-widget-spacer\" data-id=\"3b5239c\" data-element_type=\"widget\" data-e-type=\"widget\" data-widget_type=\"spacer.default\">\n\t\t\t\t<div class=\"elementor-widget-container\">\n\t\t\t\t\t\t\t<div class=\"elementor-spacer\">\n\t\t\t<div class=\"elementor-spacer-inner\"><\/div>\n\t\t<\/div>\n\t\t\t\t\t\t<\/div>\n\t\t\t\t<\/div>\n\t\t\t\t<div class=\"elementor-element elementor-element-78be264 elementor-icon-list--layout-traditional elementor-list-item-link-full_width elementor-widget elementor-widget-icon-list\" data-id=\"78be264\" data-element_type=\"widget\" data-e-type=\"widget\" data-widget_type=\"icon-list.default\">\n\t\t\t\t<div class=\"elementor-widget-container\">\n\t\t\t\t\t\t\t<ul class=\"elementor-icon-list-items\">\n\t\t\t\t\t\t\t<li class=\"elementor-icon-list-item\">\n\t\t\t\t\t\t\t\t\t\t\t<a href=\"https:\/\/www.safyr-solution.com\/wp-content\/uploads\/2023\/06\/Safyr-SRL-DISTRIB-Conditions-Generales-V1.pdf\" target=\"_blank\" rel=\"nofollow\">\n\n\t\t\t\t\t\t\t\t\t\t\t\t<span class=\"elementor-icon-list-icon\">\n\t\t\t\t\t\t\t<i aria-hidden=\"true\" class=\"fas fa-angle-right\"><\/i>\t\t\t\t\t\t<\/span>\n\t\t\t\t\t\t\t\t\t\t<span class=\"elementor-icon-list-text\">Conditions g\u00e9n\u00e9rales de vente safyr - DISTRIB<\/span>\n\t\t\t\t\t\t\t\t\t\t\t<\/a>\n\t\t\t\t\t\t\t\t\t<\/li>\n\t\t\t\t\t\t\t\t<li class=\"elementor-icon-list-item\">\n\t\t\t\t\t\t\t\t\t\t\t<a href=\"https:\/\/www.safyr-solution.com\/wp-content\/uploads\/2023\/09\/Safyr-SRL-LOCATION-Conditions-Generales-V2.pdf\" target=\"_blank\" rel=\"nofollow\">\n\n\t\t\t\t\t\t\t\t\t\t\t\t<span class=\"elementor-icon-list-icon\">\n\t\t\t\t\t\t\t<i aria-hidden=\"true\" class=\"fas fa-angle-right\"><\/i>\t\t\t\t\t\t<\/span>\n\t\t\t\t\t\t\t\t\t\t<span class=\"elementor-icon-list-text\">Conditions g\u00e9n\u00e9rales de vente safyr - LOCATION<\/span>\n\t\t\t\t\t\t\t\t\t\t\t<\/a>\n\t\t\t\t\t\t\t\t\t<\/li>\n\t\t\t\t\t\t\t\t<li class=\"elementor-icon-list-item\">\n\t\t\t\t\t\t\t\t\t\t\t<a href=\"https:\/\/www.lyra-system.com\/wp-content\/uploads\/2022\/12\/Safyr-SRL-Lyra%C2%AE-System-Conditions-Generales-V3-1.pdf\" target=\"_blank\" rel=\"nofollow\">\n\n\t\t\t\t\t\t\t\t\t\t\t\t<span class=\"elementor-icon-list-icon\">\n\t\t\t\t\t\t\t<i aria-hidden=\"true\" class=\"fas fa-angle-right\"><\/i>\t\t\t\t\t\t<\/span>\n\t\t\t\t\t\t\t\t\t\t<span class=\"elementor-icon-list-text\">Conditions g\u00e9n\u00e9rales de vente safyr - LYRA<\/span>\n\t\t\t\t\t\t\t\t\t\t\t<\/a>\n\t\t\t\t\t\t\t\t\t<\/li>\n\t\t\t\t\t\t<\/ul>\n\t\t\t\t\t\t<\/div>\n\t\t\t\t<\/div>\n\t\t\t\t<div class=\"elementor-element elementor-element-aeeb028 elementor-widget elementor-widget-spacer\" data-id=\"aeeb028\" data-element_type=\"widget\" data-e-type=\"widget\" data-widget_type=\"spacer.default\">\n\t\t\t\t<div class=\"elementor-widget-container\">\n\t\t\t\t\t\t\t<div class=\"elementor-spacer\">\n\t\t\t<div class=\"elementor-spacer-inner\"><\/div>\n\t\t<\/div>\n\t\t\t\t\t\t<\/div>\n\t\t\t\t<\/div>\n\t\t\t\t\t<\/div>\n\t\t\t\t<\/div>\n\t\t\t\t<\/div>\n\t\t","protected":false},"excerpt":{"rendered":"<p>Conditions g\u00e9n\u00e9rales de vente safyr &#8211; DISTRIB Conditions g\u00e9n\u00e9rales de vente safyr &#8211; LOCATION Conditions g\u00e9n\u00e9rales de vente safyr &#8211; LYRA<\/p>\n","protected":false},"author":8,"featured_media":736,"parent":0,"menu_order":0,"comment_status":"closed","ping_status":"closed","template":"","meta":{"footnotes":""},"class_list":["post-629","page","type-page","status-publish","has-post-thumbnail","hentry"],"yoast_head":"<!-- This site is optimized with the Yoast SEO plugin v27.2 - https:\/\/yoast.com\/product\/yoast-seo-wordpress\/ -->\n<title>Conditions g\u00e9n\u00e9rales de vente - Safyr<\/title>\n<meta name=\"description\" content=\"Retrouvez l&#039;ensemble de nos Conditions g\u00e9n\u00e9rales de vente de notre site internet. Contactez nous pour plus de renseignements...\" \/>\n<meta name=\"robots\" content=\"index, follow, max-snippet:-1, max-image-preview:large, max-video-preview:-1\" \/>\n<link rel=\"canonical\" href=\"https:\/\/www.safyr-solution.com\/fr\/conditions-generales-de-vente\/\" \/>\n<meta property=\"og:locale\" content=\"fr_FR\" \/>\n<meta property=\"og:type\" content=\"article\" \/>\n<meta property=\"og:title\" content=\"Conditions g\u00e9n\u00e9rales de vente\" \/>\n<meta property=\"og:description\" content=\"Retrouvez l&#039;ensemble de nos Conditions g\u00e9n\u00e9rales de vente de notre site internet. Contactez nous pour plus de renseignements...\" \/>\n<meta property=\"og:url\" content=\"https:\/\/www.safyr-solution.com\/fr\/conditions-generales-de-vente\/\" \/>\n<meta property=\"og:site_name\" content=\"Safyr\" \/>\n<meta property=\"article:modified_time\" content=\"2024-03-08T14:34:25+00:00\" \/>\n<meta property=\"og:image\" content=\"https:\/\/www.safyr-solution.com\/wp-content\/uploads\/2024\/01\/safyr-opc.png\" \/>\n\t<meta property=\"og:image:width\" content=\"800\" \/>\n\t<meta property=\"og:image:height\" content=\"800\" \/>\n\t<meta property=\"og:image:type\" content=\"image\/png\" \/>\n<meta name=\"twitter:card\" content=\"summary_large_image\" \/>\n<meta name=\"twitter:title\" content=\"Conditions g\u00e9n\u00e9rales de vente\" \/>\n<meta name=\"twitter:description\" content=\"Retrouvez l&#039;ensemble de nos Conditions g\u00e9n\u00e9rales de vente de notre site internet. Contactez nous pour plus de renseignements...\" \/>\n<meta name=\"twitter:image\" content=\"https:\/\/www.safyr-solution.com\/wp-content\/uploads\/2024\/01\/safyr-opc.png\" \/>\n<meta name=\"twitter:label1\" content=\"Dur\u00e9e de lecture estim\u00e9e\" \/>\n\t<meta name=\"twitter:data1\" content=\"1 minute\" \/>\n<script type=\"application\/ld+json\" class=\"yoast-schema-graph\">{\"@context\":\"https:\/\/schema.org\",\"@graph\":[{\"@type\":\"WebPage\",\"@id\":\"https:\/\/www.safyr-solution.com\/conditions-generales-de-vente\/\",\"url\":\"https:\/\/www.safyr-solution.com\/conditions-generales-de-vente\/\",\"name\":\"Conditions g\u00e9n\u00e9rales de vente - Safyr\",\"isPartOf\":{\"@id\":\"https:\/\/www.safyr-solution.com\/#website\"},\"primaryImageOfPage\":{\"@id\":\"https:\/\/www.safyr-solution.com\/conditions-generales-de-vente\/#primaryimage\"},\"image\":{\"@id\":\"https:\/\/www.safyr-solution.com\/conditions-generales-de-vente\/#primaryimage\"},\"thumbnailUrl\":\"https:\/\/www.safyr-solution.com\/wp-content\/uploads\/2024\/01\/safyr-opc.png\",\"datePublished\":\"2023-06-22T07:26:39+00:00\",\"dateModified\":\"2024-03-08T14:34:25+00:00\",\"description\":\"Retrouvez l'ensemble de nos Conditions g\u00e9n\u00e9rales de vente de notre site internet. Contactez nous pour plus de renseignements...\",\"breadcrumb\":{\"@id\":\"https:\/\/www.safyr-solution.com\/conditions-generales-de-vente\/#breadcrumb\"},\"inLanguage\":\"fr-FR\",\"potentialAction\":[{\"@type\":\"ReadAction\",\"target\":[\"https:\/\/www.safyr-solution.com\/conditions-generales-de-vente\/\"]}]},{\"@type\":\"ImageObject\",\"inLanguage\":\"fr-FR\",\"@id\":\"https:\/\/www.safyr-solution.com\/conditions-generales-de-vente\/#primaryimage\",\"url\":\"https:\/\/www.safyr-solution.com\/wp-content\/uploads\/2024\/01\/safyr-opc.png\",\"contentUrl\":\"https:\/\/www.safyr-solution.com\/wp-content\/uploads\/2024\/01\/safyr-opc.png\",\"width\":800,\"height\":800,\"caption\":\"Safyr OPC\"},{\"@type\":\"BreadcrumbList\",\"@id\":\"https:\/\/www.safyr-solution.com\/conditions-generales-de-vente\/#breadcrumb\",\"itemListElement\":[{\"@type\":\"ListItem\",\"position\":1,\"name\":\"Home\",\"item\":\"https:\/\/www.safyr-solution.com\/fr\/\"},{\"@type\":\"ListItem\",\"position\":2,\"name\":\"Conditions g\u00e9n\u00e9rales de vente\"}]},{\"@type\":\"WebSite\",\"@id\":\"https:\/\/www.safyr-solution.com\/#website\",\"url\":\"https:\/\/www.safyr-solution.com\/\",\"name\":\"Safyr\",\"description\":\"\",\"publisher\":{\"@id\":\"https:\/\/www.safyr-solution.com\/#organization\"},\"potentialAction\":[{\"@type\":\"SearchAction\",\"target\":{\"@type\":\"EntryPoint\",\"urlTemplate\":\"https:\/\/www.safyr-solution.com\/?s={search_term_string}\"},\"query-input\":{\"@type\":\"PropertyValueSpecification\",\"valueRequired\":true,\"valueName\":\"search_term_string\"}}],\"inLanguage\":\"fr-FR\"},{\"@type\":\"Organization\",\"@id\":\"https:\/\/www.safyr-solution.com\/#organization\",\"name\":\"Safyr\",\"url\":\"https:\/\/www.safyr-solution.com\/\",\"logo\":{\"@type\":\"ImageObject\",\"inLanguage\":\"fr-FR\",\"@id\":\"https:\/\/www.safyr-solution.com\/#\/schema\/logo\/image\/\",\"url\":\"https:\/\/www.safyr-solution.com\/wp-content\/uploads\/2022\/12\/Logo.svg\",\"contentUrl\":\"https:\/\/www.safyr-solution.com\/wp-content\/uploads\/2022\/12\/Logo.svg\",\"width\":128,\"height\":36,\"caption\":\"Safyr\"},\"image\":{\"@id\":\"https:\/\/www.safyr-solution.com\/#\/schema\/logo\/image\/\"}}]}<\/script>\n<!-- \/ Yoast SEO plugin. -->","yoast_head_json":{"title":"Conditions g\u00e9n\u00e9rales de vente - Safyr","description":"Retrouvez l'ensemble de nos Conditions g\u00e9n\u00e9rales de vente de notre site internet. Contactez nous pour plus de renseignements...","robots":{"index":"index","follow":"follow","max-snippet":"max-snippet:-1","max-image-preview":"max-image-preview:large","max-video-preview":"max-video-preview:-1"},"canonical":"https:\/\/www.safyr-solution.com\/fr\/conditions-generales-de-vente\/","og_locale":"fr_FR","og_type":"article","og_title":"Conditions g\u00e9n\u00e9rales de vente","og_description":"Retrouvez l'ensemble de nos Conditions g\u00e9n\u00e9rales de vente de notre site internet. Contactez nous pour plus de renseignements...","og_url":"https:\/\/www.safyr-solution.com\/fr\/conditions-generales-de-vente\/","og_site_name":"Safyr","article_modified_time":"2024-03-08T14:34:25+00:00","og_image":[{"width":800,"height":800,"url":"https:\/\/www.safyr-solution.com\/wp-content\/uploads\/2024\/01\/safyr-opc.png","type":"image\/png"}],"twitter_card":"summary_large_image","twitter_title":"Conditions g\u00e9n\u00e9rales de vente","twitter_description":"Retrouvez l'ensemble de nos Conditions g\u00e9n\u00e9rales de vente de notre site internet. Contactez nous pour plus de renseignements...","twitter_image":"https:\/\/www.safyr-solution.com\/wp-content\/uploads\/2024\/01\/safyr-opc.png","twitter_misc":{"Dur\u00e9e de lecture estim\u00e9e":"1 minute"},"schema":{"@context":"https:\/\/schema.org","@graph":[{"@type":"WebPage","@id":"https:\/\/www.safyr-solution.com\/conditions-generales-de-vente\/","url":"https:\/\/www.safyr-solution.com\/conditions-generales-de-vente\/","name":"Conditions g\u00e9n\u00e9rales de vente - Safyr","isPartOf":{"@id":"https:\/\/www.safyr-solution.com\/#website"},"primaryImageOfPage":{"@id":"https:\/\/www.safyr-solution.com\/conditions-generales-de-vente\/#primaryimage"},"image":{"@id":"https:\/\/www.safyr-solution.com\/conditions-generales-de-vente\/#primaryimage"},"thumbnailUrl":"https:\/\/www.safyr-solution.com\/wp-content\/uploads\/2024\/01\/safyr-opc.png","datePublished":"2023-06-22T07:26:39+00:00","dateModified":"2024-03-08T14:34:25+00:00","description":"Retrouvez l'ensemble de nos Conditions g\u00e9n\u00e9rales de vente de notre site internet. Contactez nous pour plus de renseignements...","breadcrumb":{"@id":"https:\/\/www.safyr-solution.com\/conditions-generales-de-vente\/#breadcrumb"},"inLanguage":"fr-FR","potentialAction":[{"@type":"ReadAction","target":["https:\/\/www.safyr-solution.com\/conditions-generales-de-vente\/"]}]},{"@type":"ImageObject","inLanguage":"fr-FR","@id":"https:\/\/www.safyr-solution.com\/conditions-generales-de-vente\/#primaryimage","url":"https:\/\/www.safyr-solution.com\/wp-content\/uploads\/2024\/01\/safyr-opc.png","contentUrl":"https:\/\/www.safyr-solution.com\/wp-content\/uploads\/2024\/01\/safyr-opc.png","width":800,"height":800,"caption":"Safyr OPC"},{"@type":"BreadcrumbList","@id":"https:\/\/www.safyr-solution.com\/conditions-generales-de-vente\/#breadcrumb","itemListElement":[{"@type":"ListItem","position":1,"name":"Home","item":"https:\/\/www.safyr-solution.com\/fr\/"},{"@type":"ListItem","position":2,"name":"Conditions g\u00e9n\u00e9rales de vente"}]},{"@type":"WebSite","@id":"https:\/\/www.safyr-solution.com\/#website","url":"https:\/\/www.safyr-solution.com\/","name":"Safyr","description":"","publisher":{"@id":"https:\/\/www.safyr-solution.com\/#organization"},"potentialAction":[{"@type":"SearchAction","target":{"@type":"EntryPoint","urlTemplate":"https:\/\/www.safyr-solution.com\/?s={search_term_string}"},"query-input":{"@type":"PropertyValueSpecification","valueRequired":true,"valueName":"search_term_string"}}],"inLanguage":"fr-FR"},{"@type":"Organization","@id":"https:\/\/www.safyr-solution.com\/#organization","name":"Safyr","url":"https:\/\/www.safyr-solution.com\/","logo":{"@type":"ImageObject","inLanguage":"fr-FR","@id":"https:\/\/www.safyr-solution.com\/#\/schema\/logo\/image\/","url":"https:\/\/www.safyr-solution.com\/wp-content\/uploads\/2022\/12\/Logo.svg","contentUrl":"https:\/\/www.safyr-solution.com\/wp-content\/uploads\/2022\/12\/Logo.svg","width":128,"height":36,"caption":"Safyr"},"image":{"@id":"https:\/\/www.safyr-solution.com\/#\/schema\/logo\/image\/"}}]}},"_links":{"self":[{"href":"https:\/\/www.safyr-solution.com\/fr\/wp-json\/wp\/v2\/pages\/629","targetHints":{"allow":["GET"]}}],"collection":[{"href":"https:\/\/www.safyr-solution.com\/fr\/wp-json\/wp\/v2\/pages"}],"about":[{"href":"https:\/\/www.safyr-solution.com\/fr\/wp-json\/wp\/v2\/types\/page"}],"author":[{"embeddable":true,"href":"https:\/\/www.safyr-solution.com\/fr\/wp-json\/wp\/v2\/users\/8"}],"replies":[{"embeddable":true,"href":"https:\/\/www.safyr-solution.com\/fr\/wp-json\/wp\/v2\/comments?post=629"}],"version-history":[{"count":32,"href":"https:\/\/www.safyr-solution.com\/fr\/wp-json\/wp\/v2\/pages\/629\/revisions"}],"predecessor-version":[{"id":713,"href":"https:\/\/www.safyr-solution.com\/fr\/wp-json\/wp\/v2\/pages\/629\/revisions\/713"}],"wp:featuredmedia":[{"embeddable":true,"href":"https:\/\/www.safyr-solution.com\/fr\/wp-json\/wp\/v2\/media\/736"}],"wp:attachment":[{"href":"https:\/\/www.safyr-solution.com\/fr\/wp-json\/wp\/v2\/media?parent=629"}],"curies":[{"name":"wp","href":"https:\/\/api.w.org\/{rel}","templated":true}]}}