{"id":8,"date":"2022-10-24T08:50:07","date_gmt":"2022-10-24T08:50:07","guid":{"rendered":"https:\/\/preview.safyr-solution.com\/?page_id=8"},"modified":"2024-03-08T10:22:27","modified_gmt":"2024-03-08T10:22:27","slug":"nos-solutions","status":"publish","type":"page","link":"https:\/\/www.safyr-solution.com\/fr\/nos-solutions\/","title":{"rendered":"Nos solutions"},"content":{"rendered":"\t\t<div data-elementor-type=\"wp-post\" data-elementor-id=\"8\" class=\"elementor elementor-8\" data-elementor-post-type=\"page\">\n\t\t\t\t<div class=\"elementor-element elementor-element-6b0bcce e-flex e-con-boxed e-con e-parent\" data-id=\"6b0bcce\" data-element_type=\"container\" data-e-type=\"container\" data-settings=\"{&quot;background_background&quot;:&quot;classic&quot;}\">\n\t\t\t\t\t<div class=\"e-con-inner\">\n\t\t\t\t<div class=\"elementor-element elementor-element-298b242 elementor-widget elementor-widget-spacer\" data-id=\"298b242\" data-element_type=\"widget\" data-e-type=\"widget\" data-widget_type=\"spacer.default\">\n\t\t\t\t<div class=\"elementor-widget-container\">\n\t\t\t\t\t\t\t<div class=\"elementor-spacer\">\n\t\t\t<div class=\"elementor-spacer-inner\"><\/div>\n\t\t<\/div>\n\t\t\t\t\t\t<\/div>\n\t\t\t\t<\/div>\n\t\t\t\t<div class=\"elementor-element elementor-element-d4ade27 elementor-widget elementor-widget-heading\" data-id=\"d4ade27\" data-element_type=\"widget\" data-e-type=\"widget\" data-widget_type=\"heading.default\">\n\t\t\t\t<div class=\"elementor-widget-container\">\n\t\t\t\t\t<h1 class=\"elementor-heading-title elementor-size-xl\">Nos solutions<\/h1>\t\t\t\t<\/div>\n\t\t\t\t<\/div>\n\t\t\t\t<div class=\"elementor-element elementor-element-5b634d2 elementor-widget elementor-widget-spacer\" data-id=\"5b634d2\" data-element_type=\"widget\" data-e-type=\"widget\" data-widget_type=\"spacer.default\">\n\t\t\t\t<div class=\"elementor-widget-container\">\n\t\t\t\t\t\t\t<div class=\"elementor-spacer\">\n\t\t\t<div class=\"elementor-spacer-inner\"><\/div>\n\t\t<\/div>\n\t\t\t\t\t\t<\/div>\n\t\t\t\t<\/div>\n\t\t\t\t\t<\/div>\n\t\t\t\t<\/div>\n\t\t<div class=\"elementor-element elementor-element-17d03ea e-flex e-con-boxed e-con e-parent\" data-id=\"17d03ea\" data-element_type=\"container\" data-e-type=\"container\" data-settings=\"{&quot;background_background&quot;:&quot;classic&quot;}\">\n\t\t\t\t\t<div class=\"e-con-inner\">\n\t\t<div class=\"elementor-element elementor-element-351ce3e e-flex e-con-boxed e-con e-child\" data-id=\"351ce3e\" data-element_type=\"container\" data-e-type=\"container\">\n\t\t\t\t\t<div class=\"e-con-inner\">\n\t\t\t\t<div class=\"elementor-element elementor-element-de7ec51 elementor-widget elementor-widget-image\" data-id=\"de7ec51\" data-element_type=\"widget\" data-e-type=\"widget\" data-widget_type=\"image.default\">\n\t\t\t\t<div class=\"elementor-widget-container\">\n\t\t\t\t\t\t\t\t\t\t\t\t\t\t\t<img fetchpriority=\"high\" decoding=\"async\" width=\"800\" height=\"410\" src=\"https:\/\/www.safyr-solution.com\/wp-content\/uploads\/2024\/01\/Slider-HP-1950x1000-1-1024x525.png\" class=\"attachment-large size-large wp-image-798\" alt=\"Surveillance QOP\" srcset=\"https:\/\/www.safyr-solution.com\/wp-content\/uploads\/2024\/01\/Slider-HP-1950x1000-1-1024x525.png 1024w, https:\/\/www.safyr-solution.com\/wp-content\/uploads\/2024\/01\/Slider-HP-1950x1000-1-300x154.png 300w, https:\/\/www.safyr-solution.com\/wp-content\/uploads\/2024\/01\/Slider-HP-1950x1000-1-768x394.png 768w, https:\/\/www.safyr-solution.com\/wp-content\/uploads\/2024\/01\/Slider-HP-1950x1000-1-1536x788.png 1536w, https:\/\/www.safyr-solution.com\/wp-content\/uploads\/2024\/01\/Slider-HP-1950x1000-1-2048x1050.png 2048w, https:\/\/www.safyr-solution.com\/wp-content\/uploads\/2024\/01\/Slider-HP-1950x1000-1-18x9.png 18w, https:\/\/www.safyr-solution.com\/wp-content\/uploads\/2024\/01\/Slider-HP-1950x1000-1-e1704364282673.png 702w\" sizes=\"(max-width: 800px) 100vw, 800px\" \/>\t\t\t\t\t\t\t\t\t\t\t\t\t\t\t<\/div>\n\t\t\t\t<\/div>\n\t\t\t\t<div class=\"elementor-element elementor-element-368f570 elementor-widget elementor-widget-heading\" data-id=\"368f570\" data-element_type=\"widget\" data-e-type=\"widget\" data-widget_type=\"heading.default\">\n\t\t\t\t<div class=\"elementor-widget-container\">\n\t\t\t\t\t<h2 class=\"elementor-heading-title elementor-size-medium\">SURVEILLANCE DU RISQUE INFECTIEUX AU QUARTIER OP\u00c9RATEUR<\/h2>\t\t\t\t<\/div>\n\t\t\t\t<\/div>\n\t\t\t\t<div class=\"elementor-element elementor-element-6379d96 elementor-align-center elementor-widget elementor-widget-button\" data-id=\"6379d96\" data-element_type=\"widget\" data-e-type=\"widget\" data-widget_type=\"button.default\">\n\t\t\t\t<div class=\"elementor-widget-container\">\n\t\t\t\t\t\t\t\t\t<div class=\"elementor-button-wrapper\">\n\t\t\t\t\t<a class=\"elementor-button elementor-button-link elementor-size-sm\" href=\"https:\/\/www.safyr-solution.com\/wp-content\/uploads\/2024\/01\/20230302-A4-PACK-surveillance-QOP.pdf\">\n\t\t\t\t\t\t<span class=\"elementor-button-content-wrapper\">\n\t\t\t\t\t\t<span class=\"elementor-button-icon\">\n\t\t\t\t<svg xmlns=\"http:\/\/www.w3.org\/2000\/svg\" width=\"18\" height=\"10\" viewBox=\"0 0 18 10\" fill=\"none\"><path fill-rule=\"evenodd\" clip-rule=\"evenodd\" d=\"M12.2712 0.209803C12.3375 0.143298 12.4164 0.0905336 12.5031 0.0545322C12.5899 0.0185309 12.6829 0 12.7768 0C12.8707 0 12.9638 0.0185309 13.0505 0.0545322C13.1373 0.0905336 13.2161 0.143298 13.2824 0.209803L17.5672 4.49458C17.6337 4.56092 17.6865 4.63972 17.7225 4.72648C17.7585 4.81324 17.777 4.90625 17.777 5.00019C17.777 5.09412 17.7585 5.18713 17.7225 5.27389C17.6865 5.36065 17.6337 5.43946 17.5672 5.50579L13.2824 9.79057C13.216 9.85697 13.1372 9.90964 13.0504 9.94557C12.9637 9.98151 12.8707 10 12.7768 10C12.6829 10 12.5899 9.98151 12.5032 9.94557C12.4164 9.90964 12.3376 9.85697 12.2712 9.79057C12.2048 9.72418 12.1521 9.64535 12.1162 9.5586C12.0803 9.47185 12.0618 9.37887 12.0618 9.28497C12.0618 9.19107 12.0803 9.09809 12.1162 9.01134C12.1521 8.92458 12.2048 8.84576 12.2712 8.77936L16.0513 4.99987L12.2706 1.22038C12.2041 1.15404 12.1513 1.07523 12.1153 0.988474C12.0793 0.901714 12.0608 0.808705 12.0608 0.714772C12.0608 0.620839 12.0793 0.527829 12.1153 0.441069C12.1513 0.354309 12.2047 0.276139 12.2712 0.209803Z\" fill=\"#181D35\"><\/path><path fill-rule=\"evenodd\" clip-rule=\"evenodd\" d=\"M0 5.1576C0 4.9682 0.0752385 4.78656 0.209164 4.65264C0.343089 4.51871 0.524731 4.44347 0.71413 4.44347H15.7109C15.9003 4.44347 16.0819 4.51871 16.2158 4.65264C16.3498 4.78656 16.425 4.9682 16.425 5.1576C16.425 5.347 16.3498 5.52864 16.2158 5.66257C16.0819 5.79649 15.9003 5.87173 15.7109 5.87173H0.71413C0.524731 5.87173 0.343089 5.79649 0.209164 5.66257C0.0752385 5.52864 0 5.347 0 5.1576Z\" fill=\"#181D35\"><\/path><\/svg>\t\t\t<\/span>\n\t\t\t\t\t\t\t\t\t<span class=\"elementor-button-text\">Pack Surveillance QOP<\/span>\n\t\t\t\t\t<\/span>\n\t\t\t\t\t<\/a>\n\t\t\t\t<\/div>\n\t\t\t\t\t\t\t\t<\/div>\n\t\t\t\t<\/div>\n\t\t\t\t\t<\/div>\n\t\t\t\t<\/div>\n\t\t<div class=\"elementor-element elementor-element-741d8a8 e-flex e-con-boxed e-con e-child\" data-id=\"741d8a8\" data-element_type=\"container\" data-e-type=\"container\">\n\t\t\t\t\t<div class=\"e-con-inner\">\n\t\t\t\t<div class=\"elementor-element elementor-element-212ff89 elementor-widget elementor-widget-image\" data-id=\"212ff89\" data-element_type=\"widget\" data-e-type=\"widget\" data-widget_type=\"image.default\">\n\t\t\t\t<div class=\"elementor-widget-container\">\n\t\t\t\t\t\t\t\t\t\t\t\t\t\t\t<img decoding=\"async\" width=\"800\" height=\"410\" src=\"https:\/\/www.safyr-solution.com\/wp-content\/uploads\/2024\/01\/Slider-HP-1950x1000-2-1024x525.png\" class=\"attachment-large size-large wp-image-799\" alt=\"Surveillance Travaux\" srcset=\"https:\/\/www.safyr-solution.com\/wp-content\/uploads\/2024\/01\/Slider-HP-1950x1000-2-1024x525.png 1024w, https:\/\/www.safyr-solution.com\/wp-content\/uploads\/2024\/01\/Slider-HP-1950x1000-2-300x154.png 300w, https:\/\/www.safyr-solution.com\/wp-content\/uploads\/2024\/01\/Slider-HP-1950x1000-2-768x394.png 768w, https:\/\/www.safyr-solution.com\/wp-content\/uploads\/2024\/01\/Slider-HP-1950x1000-2-1536x788.png 1536w, https:\/\/www.safyr-solution.com\/wp-content\/uploads\/2024\/01\/Slider-HP-1950x1000-2-2048x1050.png 2048w, https:\/\/www.safyr-solution.com\/wp-content\/uploads\/2024\/01\/Slider-HP-1950x1000-2-18x9.png 18w, https:\/\/www.safyr-solution.com\/wp-content\/uploads\/2024\/01\/Slider-HP-1950x1000-2-e1704364354170.png 702w\" sizes=\"(max-width: 800px) 100vw, 800px\" \/>\t\t\t\t\t\t\t\t\t\t\t\t\t\t\t<\/div>\n\t\t\t\t<\/div>\n\t\t\t\t<div class=\"elementor-element elementor-element-a0f25e9 elementor-widget elementor-widget-heading\" data-id=\"a0f25e9\" data-element_type=\"widget\" data-e-type=\"widget\" data-widget_type=\"heading.default\">\n\t\t\t\t<div class=\"elementor-widget-container\">\n\t\t\t\t\t<h2 class=\"elementor-heading-title elementor-size-medium\">MA\u00ceTRISE DU RISQUE ASPERGILLAIRE PENDANT VOS P\u00c9RIODES DE TRAVAUX<br><\/h2>\t\t\t\t<\/div>\n\t\t\t\t<\/div>\n\t\t\t\t<div class=\"elementor-element elementor-element-30e86d6 elementor-align-center elementor-widget elementor-widget-button\" data-id=\"30e86d6\" data-element_type=\"widget\" data-e-type=\"widget\" data-widget_type=\"button.default\">\n\t\t\t\t<div class=\"elementor-widget-container\">\n\t\t\t\t\t\t\t\t\t<div class=\"elementor-button-wrapper\">\n\t\t\t\t\t<a class=\"elementor-button elementor-button-link elementor-size-sm\" href=\"https:\/\/www.safyr-solution.com\/wp-content\/uploads\/2024\/01\/20230406-A4-ABO-surv-travaux.pdf\">\n\t\t\t\t\t\t<span class=\"elementor-button-content-wrapper\">\n\t\t\t\t\t\t<span class=\"elementor-button-icon\">\n\t\t\t\t<svg xmlns=\"http:\/\/www.w3.org\/2000\/svg\" width=\"18\" height=\"10\" viewBox=\"0 0 18 10\" fill=\"none\"><path fill-rule=\"evenodd\" clip-rule=\"evenodd\" d=\"M12.2712 0.209803C12.3375 0.143298 12.4164 0.0905336 12.5031 0.0545322C12.5899 0.0185309 12.6829 0 12.7768 0C12.8707 0 12.9638 0.0185309 13.0505 0.0545322C13.1373 0.0905336 13.2161 0.143298 13.2824 0.209803L17.5672 4.49458C17.6337 4.56092 17.6865 4.63972 17.7225 4.72648C17.7585 4.81324 17.777 4.90625 17.777 5.00019C17.777 5.09412 17.7585 5.18713 17.7225 5.27389C17.6865 5.36065 17.6337 5.43946 17.5672 5.50579L13.2824 9.79057C13.216 9.85697 13.1372 9.90964 13.0504 9.94557C12.9637 9.98151 12.8707 10 12.7768 10C12.6829 10 12.5899 9.98151 12.5032 9.94557C12.4164 9.90964 12.3376 9.85697 12.2712 9.79057C12.2048 9.72418 12.1521 9.64535 12.1162 9.5586C12.0803 9.47185 12.0618 9.37887 12.0618 9.28497C12.0618 9.19107 12.0803 9.09809 12.1162 9.01134C12.1521 8.92458 12.2048 8.84576 12.2712 8.77936L16.0513 4.99987L12.2706 1.22038C12.2041 1.15404 12.1513 1.07523 12.1153 0.988474C12.0793 0.901714 12.0608 0.808705 12.0608 0.714772C12.0608 0.620839 12.0793 0.527829 12.1153 0.441069C12.1513 0.354309 12.2047 0.276139 12.2712 0.209803Z\" fill=\"#181D35\"><\/path><path fill-rule=\"evenodd\" clip-rule=\"evenodd\" d=\"M0 5.1576C0 4.9682 0.0752385 4.78656 0.209164 4.65264C0.343089 4.51871 0.524731 4.44347 0.71413 4.44347H15.7109C15.9003 4.44347 16.0819 4.51871 16.2158 4.65264C16.3498 4.78656 16.425 4.9682 16.425 5.1576C16.425 5.347 16.3498 5.52864 16.2158 5.66257C16.0819 5.79649 15.9003 5.87173 15.7109 5.87173H0.71413C0.524731 5.87173 0.343089 5.79649 0.209164 5.66257C0.0752385 5.52864 0 5.347 0 5.1576Z\" fill=\"#181D35\"><\/path><\/svg>\t\t\t<\/span>\n\t\t\t\t\t\t\t\t\t<span class=\"elementor-button-text\">Pack Surveillance Travaux<\/span>\n\t\t\t\t\t<\/span>\n\t\t\t\t\t<\/a>\n\t\t\t\t<\/div>\n\t\t\t\t\t\t\t\t<\/div>\n\t\t\t\t<\/div>\n\t\t\t\t\t<\/div>\n\t\t\t\t<\/div>\n\t\t<div class=\"elementor-element elementor-element-30f888b e-flex e-con-boxed e-con e-child\" data-id=\"30f888b\" data-element_type=\"container\" data-e-type=\"container\">\n\t\t\t\t\t<div class=\"e-con-inner\">\n\t\t\t\t<div class=\"elementor-element elementor-element-4f18f9b elementor-widget elementor-widget-image\" data-id=\"4f18f9b\" data-element_type=\"widget\" data-e-type=\"widget\" data-widget_type=\"image.default\">\n\t\t\t\t<div class=\"elementor-widget-container\">\n\t\t\t\t\t\t\t\t\t\t\t\t\t\t\t<img decoding=\"async\" width=\"800\" height=\"404\" src=\"https:\/\/www.safyr-solution.com\/wp-content\/uploads\/2024\/01\/20230921_eMail_MiseEnConformiteBPP-1-e1704365371111-1024x517.png\" class=\"attachment-large size-large wp-image-801\" alt=\"\" srcset=\"https:\/\/www.safyr-solution.com\/wp-content\/uploads\/2024\/01\/20230921_eMail_MiseEnConformiteBPP-1-e1704365371111-1024x517.png 1024w, https:\/\/www.safyr-solution.com\/wp-content\/uploads\/2024\/01\/20230921_eMail_MiseEnConformiteBPP-1-e1704365371111-768x388.png 768w, https:\/\/www.safyr-solution.com\/wp-content\/uploads\/2024\/01\/20230921_eMail_MiseEnConformiteBPP-1-e1704365371111-1536x776.png 1536w, https:\/\/www.safyr-solution.com\/wp-content\/uploads\/2024\/01\/20230921_eMail_MiseEnConformiteBPP-1-e1704365371111-2048x1034.png 2048w\" sizes=\"(max-width: 800px) 100vw, 800px\" \/>\t\t\t\t\t\t\t\t\t\t\t\t\t\t\t<\/div>\n\t\t\t\t<\/div>\n\t\t\t\t<div class=\"elementor-element elementor-element-508e885 elementor-widget elementor-widget-heading\" data-id=\"508e885\" data-element_type=\"widget\" data-e-type=\"widget\" data-widget_type=\"heading.default\">\n\t\t\t\t<div class=\"elementor-widget-container\">\n\t\t\t\t\t<h2 class=\"elementor-heading-title elementor-size-medium\">SURVEILLANCE &amp; NOUVELLES EXIGENCES BPP<\/h2>\t\t\t\t<\/div>\n\t\t\t\t<\/div>\n\t\t\t\t<div class=\"elementor-element elementor-element-2678067 elementor-align-center elementor-widget elementor-widget-button\" data-id=\"2678067\" data-element_type=\"widget\" data-e-type=\"widget\" data-widget_type=\"button.default\">\n\t\t\t\t<div class=\"elementor-widget-container\">\n\t\t\t\t\t\t\t\t\t<div class=\"elementor-button-wrapper\">\n\t\t\t\t\t<a class=\"elementor-button elementor-button-link elementor-size-sm\" href=\"https:\/\/www.safyr-solution.com\/wp-content\/uploads\/2024\/01\/20230609-A4-PACK-surveillance-BPP.pdf\">\n\t\t\t\t\t\t<span class=\"elementor-button-content-wrapper\">\n\t\t\t\t\t\t<span class=\"elementor-button-icon\">\n\t\t\t\t<svg xmlns=\"http:\/\/www.w3.org\/2000\/svg\" width=\"18\" height=\"10\" viewBox=\"0 0 18 10\" fill=\"none\"><path fill-rule=\"evenodd\" clip-rule=\"evenodd\" d=\"M12.2712 0.209803C12.3375 0.143298 12.4164 0.0905336 12.5031 0.0545322C12.5899 0.0185309 12.6829 0 12.7768 0C12.8707 0 12.9638 0.0185309 13.0505 0.0545322C13.1373 0.0905336 13.2161 0.143298 13.2824 0.209803L17.5672 4.49458C17.6337 4.56092 17.6865 4.63972 17.7225 4.72648C17.7585 4.81324 17.777 4.90625 17.777 5.00019C17.777 5.09412 17.7585 5.18713 17.7225 5.27389C17.6865 5.36065 17.6337 5.43946 17.5672 5.50579L13.2824 9.79057C13.216 9.85697 13.1372 9.90964 13.0504 9.94557C12.9637 9.98151 12.8707 10 12.7768 10C12.6829 10 12.5899 9.98151 12.5032 9.94557C12.4164 9.90964 12.3376 9.85697 12.2712 9.79057C12.2048 9.72418 12.1521 9.64535 12.1162 9.5586C12.0803 9.47185 12.0618 9.37887 12.0618 9.28497C12.0618 9.19107 12.0803 9.09809 12.1162 9.01134C12.1521 8.92458 12.2048 8.84576 12.2712 8.77936L16.0513 4.99987L12.2706 1.22038C12.2041 1.15404 12.1513 1.07523 12.1153 0.988474C12.0793 0.901714 12.0608 0.808705 12.0608 0.714772C12.0608 0.620839 12.0793 0.527829 12.1153 0.441069C12.1513 0.354309 12.2047 0.276139 12.2712 0.209803Z\" fill=\"#181D35\"><\/path><path fill-rule=\"evenodd\" clip-rule=\"evenodd\" d=\"M0 5.1576C0 4.9682 0.0752385 4.78656 0.209164 4.65264C0.343089 4.51871 0.524731 4.44347 0.71413 4.44347H15.7109C15.9003 4.44347 16.0819 4.51871 16.2158 4.65264C16.3498 4.78656 16.425 4.9682 16.425 5.1576C16.425 5.347 16.3498 5.52864 16.2158 5.66257C16.0819 5.79649 15.9003 5.87173 15.7109 5.87173H0.71413C0.524731 5.87173 0.343089 5.79649 0.209164 5.66257C0.0752385 5.52864 0 5.347 0 5.1576Z\" fill=\"#181D35\"><\/path><\/svg>\t\t\t<\/span>\n\t\t\t\t\t\t\t\t\t<span class=\"elementor-button-text\">Pack Surveillance BPP <\/span>\n\t\t\t\t\t<\/span>\n\t\t\t\t\t<\/a>\n\t\t\t\t<\/div>\n\t\t\t\t\t\t\t\t<\/div>\n\t\t\t\t<\/div>\n\t\t\t\t\t<\/div>\n\t\t\t\t<\/div>\n\t\t\t\t\t<\/div>\n\t\t\t\t<\/div>\n\t\t<div class=\"elementor-element elementor-element-f294a73 e-flex e-con-boxed e-con e-parent\" data-id=\"f294a73\" data-element_type=\"container\" data-e-type=\"container\" data-settings=\"{&quot;background_background&quot;:&quot;classic&quot;}\">\n\t\t\t\t\t<div class=\"e-con-inner\">\n\t\t\t\t<div class=\"elementor-element elementor-element-4a2689e elementor-widget elementor-widget-spacer\" data-id=\"4a2689e\" data-element_type=\"widget\" data-e-type=\"widget\" data-widget_type=\"spacer.default\">\n\t\t\t\t<div class=\"elementor-widget-container\">\n\t\t\t\t\t\t\t<div class=\"elementor-spacer\">\n\t\t\t<div class=\"elementor-spacer-inner\"><\/div>\n\t\t<\/div>\n\t\t\t\t\t\t<\/div>\n\t\t\t\t<\/div>\n\t\t\t\t\t<\/div>\n\t\t\t\t<\/div>\n\t\t\t\t<\/div>\n\t\t","protected":false},"excerpt":{"rendered":"<p>Nos solutions SURVEILLANCE DU RISQUE INFECTIEUX AU QUARTIER OP\u00c9RATEUR Pack Surveillance QOP MA\u00ceTRISE DU RISQUE ASPERGILLAIRE PENDANT VOS P\u00c9RIODES DE TRAVAUX Pack Surveillance Travaux SURVEILLANCE &amp; NOUVELLES EXIGENCES BPP Pack Surveillance BPP<\/p>\n","protected":false},"author":8,"featured_media":736,"parent":0,"menu_order":0,"comment_status":"closed","ping_status":"closed","template":"","meta":{"footnotes":""},"class_list":["post-8","page","type-page","status-publish","has-post-thumbnail","hentry"],"yoast_head":"<!-- This site is optimized with the Yoast SEO plugin v27.2 - https:\/\/yoast.com\/product\/yoast-seo-wordpress\/ -->\n<title>Nos solutions - Safyr<\/title>\n<meta name=\"description\" content=\"Safyr d\u00e9veloppe des solutions pour r\u00e9pondre \u00e0 vos besoins en mati\u00e8re de contamination de vos environnements critiques ...\" \/>\n<meta name=\"robots\" content=\"index, follow, max-snippet:-1, max-image-preview:large, max-video-preview:-1\" \/>\n<link rel=\"canonical\" href=\"https:\/\/www.safyr-solution.com\/fr\/nos-solutions\/\" \/>\n<meta property=\"og:locale\" content=\"fr_FR\" \/>\n<meta property=\"og:type\" content=\"article\" \/>\n<meta property=\"og:title\" content=\"Nos solutions\" \/>\n<meta property=\"og:description\" content=\"Safyr d\u00e9veloppe des solutions pour r\u00e9pondre \u00e0 vos besoins en mati\u00e8re de contamination de vos environnements critiques ...\" \/>\n<meta property=\"og:url\" content=\"https:\/\/www.safyr-solution.com\/fr\/nos-solutions\/\" \/>\n<meta property=\"og:site_name\" content=\"Safyr\" \/>\n<meta property=\"article:modified_time\" content=\"2024-03-08T10:22:27+00:00\" \/>\n<meta property=\"og:image\" content=\"https:\/\/www.safyr-solution.com\/wp-content\/uploads\/2024\/01\/safyr-opc.png\" \/>\n\t<meta property=\"og:image:width\" content=\"800\" \/>\n\t<meta property=\"og:image:height\" content=\"800\" \/>\n\t<meta property=\"og:image:type\" content=\"image\/png\" \/>\n<meta name=\"twitter:card\" content=\"summary_large_image\" \/>\n<meta name=\"twitter:title\" content=\"Nos solutions\" \/>\n<meta name=\"twitter:description\" content=\"Safyr d\u00e9veloppe des solutions pour r\u00e9pondre \u00e0 vos besoins en mati\u00e8re de contamination de vos environnements critiques ...\" \/>\n<meta name=\"twitter:image\" content=\"https:\/\/www.safyr-solution.com\/wp-content\/uploads\/2024\/01\/safyr-opc.png\" \/>\n<meta name=\"twitter:label1\" content=\"Dur\u00e9e de lecture estim\u00e9e\" \/>\n\t<meta name=\"twitter:data1\" content=\"1 minute\" \/>\n<script type=\"application\/ld+json\" class=\"yoast-schema-graph\">{\"@context\":\"https:\/\/schema.org\",\"@graph\":[{\"@type\":\"WebPage\",\"@id\":\"https:\/\/www.safyr-solution.com\/nos-solutions\/\",\"url\":\"https:\/\/www.safyr-solution.com\/nos-solutions\/\",\"name\":\"Nos solutions - Safyr\",\"isPartOf\":{\"@id\":\"https:\/\/www.safyr-solution.com\/#website\"},\"primaryImageOfPage\":{\"@id\":\"https:\/\/www.safyr-solution.com\/nos-solutions\/#primaryimage\"},\"image\":{\"@id\":\"https:\/\/www.safyr-solution.com\/nos-solutions\/#primaryimage\"},\"thumbnailUrl\":\"https:\/\/www.safyr-solution.com\/wp-content\/uploads\/2024\/01\/safyr-opc.png\",\"datePublished\":\"2022-10-24T08:50:07+00:00\",\"dateModified\":\"2024-03-08T10:22:27+00:00\",\"description\":\"Safyr d\u00e9veloppe des solutions pour r\u00e9pondre \u00e0 vos besoins en mati\u00e8re de contamination de vos environnements critiques ...\",\"breadcrumb\":{\"@id\":\"https:\/\/www.safyr-solution.com\/nos-solutions\/#breadcrumb\"},\"inLanguage\":\"fr-FR\",\"potentialAction\":[{\"@type\":\"ReadAction\",\"target\":[\"https:\/\/www.safyr-solution.com\/nos-solutions\/\"]}]},{\"@type\":\"ImageObject\",\"inLanguage\":\"fr-FR\",\"@id\":\"https:\/\/www.safyr-solution.com\/nos-solutions\/#primaryimage\",\"url\":\"https:\/\/www.safyr-solution.com\/wp-content\/uploads\/2024\/01\/safyr-opc.png\",\"contentUrl\":\"https:\/\/www.safyr-solution.com\/wp-content\/uploads\/2024\/01\/safyr-opc.png\",\"width\":800,\"height\":800,\"caption\":\"Safyr OPC\"},{\"@type\":\"BreadcrumbList\",\"@id\":\"https:\/\/www.safyr-solution.com\/nos-solutions\/#breadcrumb\",\"itemListElement\":[{\"@type\":\"ListItem\",\"position\":1,\"name\":\"Home\",\"item\":\"https:\/\/www.safyr-solution.com\/fr\/\"},{\"@type\":\"ListItem\",\"position\":2,\"name\":\"Nos solutions\"}]},{\"@type\":\"WebSite\",\"@id\":\"https:\/\/www.safyr-solution.com\/#website\",\"url\":\"https:\/\/www.safyr-solution.com\/\",\"name\":\"Safyr\",\"description\":\"\",\"publisher\":{\"@id\":\"https:\/\/www.safyr-solution.com\/#organization\"},\"potentialAction\":[{\"@type\":\"SearchAction\",\"target\":{\"@type\":\"EntryPoint\",\"urlTemplate\":\"https:\/\/www.safyr-solution.com\/?s={search_term_string}\"},\"query-input\":{\"@type\":\"PropertyValueSpecification\",\"valueRequired\":true,\"valueName\":\"search_term_string\"}}],\"inLanguage\":\"fr-FR\"},{\"@type\":\"Organization\",\"@id\":\"https:\/\/www.safyr-solution.com\/#organization\",\"name\":\"Safyr\",\"url\":\"https:\/\/www.safyr-solution.com\/\",\"logo\":{\"@type\":\"ImageObject\",\"inLanguage\":\"fr-FR\",\"@id\":\"https:\/\/www.safyr-solution.com\/#\/schema\/logo\/image\/\",\"url\":\"https:\/\/www.safyr-solution.com\/wp-content\/uploads\/2022\/12\/Logo.svg\",\"contentUrl\":\"https:\/\/www.safyr-solution.com\/wp-content\/uploads\/2022\/12\/Logo.svg\",\"width\":128,\"height\":36,\"caption\":\"Safyr\"},\"image\":{\"@id\":\"https:\/\/www.safyr-solution.com\/#\/schema\/logo\/image\/\"}}]}<\/script>\n<!-- \/ Yoast SEO plugin. -->","yoast_head_json":{"title":"Nos solutions - Safyr","description":"Safyr d\u00e9veloppe des solutions pour r\u00e9pondre \u00e0 vos besoins en mati\u00e8re de contamination de vos environnements critiques ...","robots":{"index":"index","follow":"follow","max-snippet":"max-snippet:-1","max-image-preview":"max-image-preview:large","max-video-preview":"max-video-preview:-1"},"canonical":"https:\/\/www.safyr-solution.com\/fr\/nos-solutions\/","og_locale":"fr_FR","og_type":"article","og_title":"Nos solutions","og_description":"Safyr d\u00e9veloppe des solutions pour r\u00e9pondre \u00e0 vos besoins en mati\u00e8re de contamination de vos environnements critiques ...","og_url":"https:\/\/www.safyr-solution.com\/fr\/nos-solutions\/","og_site_name":"Safyr","article_modified_time":"2024-03-08T10:22:27+00:00","og_image":[{"width":800,"height":800,"url":"https:\/\/www.safyr-solution.com\/wp-content\/uploads\/2024\/01\/safyr-opc.png","type":"image\/png"}],"twitter_card":"summary_large_image","twitter_title":"Nos solutions","twitter_description":"Safyr d\u00e9veloppe des solutions pour r\u00e9pondre \u00e0 vos besoins en mati\u00e8re de contamination de vos environnements critiques ...","twitter_image":"https:\/\/www.safyr-solution.com\/wp-content\/uploads\/2024\/01\/safyr-opc.png","twitter_misc":{"Dur\u00e9e de lecture estim\u00e9e":"1 minute"},"schema":{"@context":"https:\/\/schema.org","@graph":[{"@type":"WebPage","@id":"https:\/\/www.safyr-solution.com\/nos-solutions\/","url":"https:\/\/www.safyr-solution.com\/nos-solutions\/","name":"Nos solutions - Safyr","isPartOf":{"@id":"https:\/\/www.safyr-solution.com\/#website"},"primaryImageOfPage":{"@id":"https:\/\/www.safyr-solution.com\/nos-solutions\/#primaryimage"},"image":{"@id":"https:\/\/www.safyr-solution.com\/nos-solutions\/#primaryimage"},"thumbnailUrl":"https:\/\/www.safyr-solution.com\/wp-content\/uploads\/2024\/01\/safyr-opc.png","datePublished":"2022-10-24T08:50:07+00:00","dateModified":"2024-03-08T10:22:27+00:00","description":"Safyr d\u00e9veloppe des solutions pour r\u00e9pondre \u00e0 vos besoins en mati\u00e8re de contamination de vos environnements critiques ...","breadcrumb":{"@id":"https:\/\/www.safyr-solution.com\/nos-solutions\/#breadcrumb"},"inLanguage":"fr-FR","potentialAction":[{"@type":"ReadAction","target":["https:\/\/www.safyr-solution.com\/nos-solutions\/"]}]},{"@type":"ImageObject","inLanguage":"fr-FR","@id":"https:\/\/www.safyr-solution.com\/nos-solutions\/#primaryimage","url":"https:\/\/www.safyr-solution.com\/wp-content\/uploads\/2024\/01\/safyr-opc.png","contentUrl":"https:\/\/www.safyr-solution.com\/wp-content\/uploads\/2024\/01\/safyr-opc.png","width":800,"height":800,"caption":"Safyr OPC"},{"@type":"BreadcrumbList","@id":"https:\/\/www.safyr-solution.com\/nos-solutions\/#breadcrumb","itemListElement":[{"@type":"ListItem","position":1,"name":"Home","item":"https:\/\/www.safyr-solution.com\/fr\/"},{"@type":"ListItem","position":2,"name":"Nos solutions"}]},{"@type":"WebSite","@id":"https:\/\/www.safyr-solution.com\/#website","url":"https:\/\/www.safyr-solution.com\/","name":"Safyr","description":"","publisher":{"@id":"https:\/\/www.safyr-solution.com\/#organization"},"potentialAction":[{"@type":"SearchAction","target":{"@type":"EntryPoint","urlTemplate":"https:\/\/www.safyr-solution.com\/?s={search_term_string}"},"query-input":{"@type":"PropertyValueSpecification","valueRequired":true,"valueName":"search_term_string"}}],"inLanguage":"fr-FR"},{"@type":"Organization","@id":"https:\/\/www.safyr-solution.com\/#organization","name":"Safyr","url":"https:\/\/www.safyr-solution.com\/","logo":{"@type":"ImageObject","inLanguage":"fr-FR","@id":"https:\/\/www.safyr-solution.com\/#\/schema\/logo\/image\/","url":"https:\/\/www.safyr-solution.com\/wp-content\/uploads\/2022\/12\/Logo.svg","contentUrl":"https:\/\/www.safyr-solution.com\/wp-content\/uploads\/2022\/12\/Logo.svg","width":128,"height":36,"caption":"Safyr"},"image":{"@id":"https:\/\/www.safyr-solution.com\/#\/schema\/logo\/image\/"}}]}},"_links":{"self":[{"href":"https:\/\/www.safyr-solution.com\/fr\/wp-json\/wp\/v2\/pages\/8","targetHints":{"allow":["GET"]}}],"collection":[{"href":"https:\/\/www.safyr-solution.com\/fr\/wp-json\/wp\/v2\/pages"}],"about":[{"href":"https:\/\/www.safyr-solution.com\/fr\/wp-json\/wp\/v2\/types\/page"}],"author":[{"embeddable":true,"href":"https:\/\/www.safyr-solution.com\/fr\/wp-json\/wp\/v2\/users\/8"}],"replies":[{"embeddable":true,"href":"https:\/\/www.safyr-solution.com\/fr\/wp-json\/wp\/v2\/comments?post=8"}],"version-history":[{"count":43,"href":"https:\/\/www.safyr-solution.com\/fr\/wp-json\/wp\/v2\/pages\/8\/revisions"}],"predecessor-version":[{"id":890,"href":"https:\/\/www.safyr-solution.com\/fr\/wp-json\/wp\/v2\/pages\/8\/revisions\/890"}],"wp:featuredmedia":[{"embeddable":true,"href":"https:\/\/www.safyr-solution.com\/fr\/wp-json\/wp\/v2\/media\/736"}],"wp:attachment":[{"href":"https:\/\/www.safyr-solution.com\/fr\/wp-json\/wp\/v2\/media?parent=8"}],"curies":[{"name":"wp","href":"https:\/\/api.w.org\/{rel}","templated":true}]}}