{"id":987,"date":"2024-07-04T12:15:28","date_gmt":"2024-07-04T12:15:28","guid":{"rendered":"https:\/\/www.safyr-solution.com\/?page_id=987"},"modified":"2024-07-08T08:54:50","modified_gmt":"2024-07-08T08:54:50","slug":"blog","status":"publish","type":"page","link":"https:\/\/www.safyr-solution.com\/fr\/blog\/","title":{"rendered":"Blog"},"content":{"rendered":"\t\t<div data-elementor-type=\"wp-page\" data-elementor-id=\"987\" class=\"elementor elementor-987\" data-elementor-post-type=\"page\">\n\t\t\t\t<div class=\"elementor-element elementor-element-a6e2e36 e-con-full e-flex e-con e-parent\" data-id=\"a6e2e36\" data-element_type=\"container\" data-e-type=\"container\">\n\t\t\t\t<div class=\"elementor-element elementor-element-7f20bbd elementor-widget__width-inherit elementor-widget elementor-widget-image\" data-id=\"7f20bbd\" data-element_type=\"widget\" data-e-type=\"widget\" data-widget_type=\"image.default\">\n\t\t\t\t<div class=\"elementor-widget-container\">\n\t\t\t\t\t\t\t\t\t\t\t\t\t\t\t<img decoding=\"async\" src=\"https:\/\/www.safyr-solution.com\/wp-content\/uploads\/elementor\/thumbs\/KKK_2351-scaled-qqnp0t3ul2iv6h1zec72smcbrj415bgzss50yn92t8.jpg\" title=\"KKK_2351\" alt=\"KKK_2351\" loading=\"lazy\" \/>\t\t\t\t\t\t\t\t\t\t\t\t\t\t\t<\/div>\n\t\t\t\t<\/div>\n\t\t\t\t<div class=\"elementor-element elementor-element-1f200f0 elementor-widget elementor-widget-heading\" data-id=\"1f200f0\" data-element_type=\"widget\" data-e-type=\"widget\" data-widget_type=\"heading.default\">\n\t\t\t\t<div class=\"elementor-widget-container\">\n\t\t\t\t\t<h2 class=\"elementor-heading-title elementor-size-default\">Blog <\/h2>\t\t\t\t<\/div>\n\t\t\t\t<\/div>\n\t\t\t\t<\/div>\n\t\t<div class=\"elementor-element elementor-element-bded19c e-flex e-con-boxed e-con e-parent\" data-id=\"bded19c\" data-element_type=\"container\" data-e-type=\"container\">\n\t\t\t\t\t<div class=\"e-con-inner\">\n\t\t\t\t<div class=\"elementor-element elementor-element-c910232 elementor-widget elementor-widget-spacer\" data-id=\"c910232\" data-element_type=\"widget\" data-e-type=\"widget\" data-widget_type=\"spacer.default\">\n\t\t\t\t<div class=\"elementor-widget-container\">\n\t\t\t\t\t\t\t<div class=\"elementor-spacer\">\n\t\t\t<div class=\"elementor-spacer-inner\"><\/div>\n\t\t<\/div>\n\t\t\t\t\t\t<\/div>\n\t\t\t\t<\/div>\n\t\t\t\t\t<\/div>\n\t\t\t\t<\/div>\n\t\t<div class=\"elementor-element elementor-element-11b1e85 e-flex e-con-boxed e-con e-parent\" data-id=\"11b1e85\" data-element_type=\"container\" data-e-type=\"container\">\n\t\t\t\t\t<div class=\"e-con-inner\">\n\t\t\t\t<div class=\"elementor-element elementor-element-d8f8987 elementor-widget elementor-widget-heading\" data-id=\"d8f8987\" data-element_type=\"widget\" data-e-type=\"widget\" data-widget_type=\"heading.default\">\n\t\t\t\t<div class=\"elementor-widget-container\">\n\t\t\t\t\t<h2 class=\"elementor-heading-title elementor-size-default\">DERNIER ARTICLE<\/h2>\t\t\t\t<\/div>\n\t\t\t\t<\/div>\n\t\t\t\t\t<\/div>\n\t\t\t\t<\/div>\n\t\t<div class=\"elementor-element elementor-element-9e985a0 e-flex e-con-boxed e-con e-parent\" data-id=\"9e985a0\" data-element_type=\"container\" data-e-type=\"container\">\n\t\t\t\t\t<div class=\"e-con-inner\">\n\t\t<div class=\"elementor-element elementor-element-c3c05c6 e-con-full e-flex e-con e-child\" data-id=\"c3c05c6\" data-element_type=\"container\" data-e-type=\"container\">\n\t\t\t\t<div class=\"elementor-element elementor-element-f26247f elementor-widget elementor-widget-image\" data-id=\"f26247f\" data-element_type=\"widget\" data-e-type=\"widget\" data-widget_type=\"image.default\">\n\t\t\t\t<div class=\"elementor-widget-container\">\n\t\t\t\t\t\t\t\t\t\t\t\t\t\t\t\t<a href=\"https:\/\/www.safyr-solution.com\/fr\/capteurs-sensor\/\">\n\t\t\t\t\t\t\t<img decoding=\"async\" src=\"https:\/\/www.safyr-solution.com\/wp-content\/uploads\/elementor\/thumbs\/4-2-scaled-qqo118qdgfvnfbajnubt8fewcq7ck8o9cxftm26dnk.jpg\" title=\"4\" alt=\"4\" class=\"elementor-animation-shrink\" loading=\"lazy\" \/>\t\t\t\t\t\t\t\t<\/a>\n\t\t\t\t\t\t\t\t\t\t\t\t\t\t\t<\/div>\n\t\t\t\t<\/div>\n\t\t\t\t<\/div>\n\t\t<div class=\"elementor-element elementor-element-7166585 e-con-full e-flex e-con e-child\" data-id=\"7166585\" data-element_type=\"container\" data-e-type=\"container\">\n\t\t\t\t<div class=\"elementor-element elementor-element-f4bf348 elementor-widget elementor-widget-heading\" data-id=\"f4bf348\" data-element_type=\"widget\" data-e-type=\"widget\" data-widget_type=\"heading.default\">\n\t\t\t\t<div class=\"elementor-widget-container\">\n\t\t\t\t\t<h2 class=\"elementor-heading-title elementor-size-default\">D\u00e9couvrez les nouveaux capteurs de temp\u00e9rature et d'humidit\u00e9 relative communiquant en LoRaWAN de safyr<\/h2>\t\t\t\t<\/div>\n\t\t\t\t<\/div>\n\t\t\t\t<div class=\"elementor-element elementor-element-5f517ed elementor-widget elementor-widget-text-editor\" data-id=\"5f517ed\" data-element_type=\"widget\" data-e-type=\"widget\" data-widget_type=\"text-editor.default\">\n\t\t\t\t<div class=\"elementor-widget-container\">\n\t\t\t\t\t\t\t\t\t<p>Nous pr\u00e9sentons nos nouveaux capteurs de temp\u00e9rature et de pression de nouvelle g\u00e9n\u00e9ration utilisant la technologie LoRaWAN : le TTS (Temperature Transport Sensor), le THS (Temperature Hygrometry Sensor) et le TFS (Temperature Fridge Sensor). Ces produits offrent des avantages consid\u00e9rables pour divers secteurs&#8230;<\/p>\t\t\t\t\t\t\t\t<\/div>\n\t\t\t\t<\/div>\n\t\t\t\t<div class=\"elementor-element elementor-element-7f5eba6 elementor-widget elementor-widget-button\" data-id=\"7f5eba6\" data-element_type=\"widget\" data-e-type=\"widget\" data-widget_type=\"button.default\">\n\t\t\t\t<div class=\"elementor-widget-container\">\n\t\t\t\t\t\t\t\t\t<div class=\"elementor-button-wrapper\">\n\t\t\t\t\t<a class=\"elementor-button elementor-button-link elementor-size-sm\" href=\"https:\/\/www.safyr-solution.com\/fr\/capteurs-sensor\/\">\n\t\t\t\t\t\t<span class=\"elementor-button-content-wrapper\">\n\t\t\t\t\t\t\t\t\t<span class=\"elementor-button-text\">Lire l'article<\/span>\n\t\t\t\t\t<\/span>\n\t\t\t\t\t<\/a>\n\t\t\t\t<\/div>\n\t\t\t\t\t\t\t\t<\/div>\n\t\t\t\t<\/div>\n\t\t\t\t<\/div>\n\t\t\t\t\t<\/div>\n\t\t\t\t<\/div>\n\t\t<div class=\"elementor-element elementor-element-e1ef451 e-flex e-con-boxed e-con e-parent\" data-id=\"e1ef451\" data-element_type=\"container\" data-e-type=\"container\">\n\t\t\t\t\t<div class=\"e-con-inner\">\n\t\t\t\t<div class=\"elementor-element elementor-element-5b9889f elementor-widget elementor-widget-spacer\" data-id=\"5b9889f\" data-element_type=\"widget\" data-e-type=\"widget\" data-widget_type=\"spacer.default\">\n\t\t\t\t<div class=\"elementor-widget-container\">\n\t\t\t\t\t\t\t<div class=\"elementor-spacer\">\n\t\t\t<div class=\"elementor-spacer-inner\"><\/div>\n\t\t<\/div>\n\t\t\t\t\t\t<\/div>\n\t\t\t\t<\/div>\n\t\t\t\t\t<\/div>\n\t\t\t\t<\/div>\n\t\t<div class=\"elementor-element elementor-element-69def53 e-flex e-con-boxed e-con e-parent\" data-id=\"69def53\" data-element_type=\"container\" data-e-type=\"container\">\n\t\t\t\t\t<div class=\"e-con-inner\">\n\t\t\t\t<div class=\"elementor-element elementor-element-2040ba7 elementor-widget elementor-widget-heading\" data-id=\"2040ba7\" data-element_type=\"widget\" data-e-type=\"widget\" data-widget_type=\"heading.default\">\n\t\t\t\t<div class=\"elementor-widget-container\">\n\t\t\t\t\t<h2 class=\"elementor-heading-title elementor-size-default\">TOUS LES ARTICLES<\/h2>\t\t\t\t<\/div>\n\t\t\t\t<\/div>\n\t\t\t\t\t<\/div>\n\t\t\t\t<\/div>\n\t\t<div class=\"elementor-element elementor-element-199f40e e-flex e-con-boxed e-con e-parent\" data-id=\"199f40e\" data-element_type=\"container\" data-e-type=\"container\">\n\t\t\t\t\t<div class=\"e-con-inner\">\n\t\t<div class=\"elementor-element elementor-element-b8756a8 e-con-full e-flex e-con e-child\" data-id=\"b8756a8\" data-element_type=\"container\" data-e-type=\"container\">\n\t\t\t\t<div class=\"elementor-element elementor-element-4eed535 elementor-widget elementor-widget-image\" data-id=\"4eed535\" data-element_type=\"widget\" data-e-type=\"widget\" data-widget_type=\"image.default\">\n\t\t\t\t<div class=\"elementor-widget-container\">\n\t\t\t\t\t\t\t\t\t\t\t\t\t\t\t\t<a href=\"https:\/\/www.safyr-solution.com\/fr\/capteurs-sensor\/\">\n\t\t\t\t\t\t\t<img decoding=\"async\" src=\"https:\/\/www.safyr-solution.com\/wp-content\/uploads\/elementor\/thumbs\/4-2-scaled-qqo118qdgfvnfbajnubt8fewcq7ck8o9cxftm26dnk.jpg\" title=\"4\" alt=\"4\" loading=\"lazy\" \/>\t\t\t\t\t\t\t\t<\/a>\n\t\t\t\t\t\t\t\t\t\t\t\t\t\t\t<\/div>\n\t\t\t\t<\/div>\n\t\t\t\t<div class=\"elementor-element elementor-element-03bc88e elementor-widget elementor-widget-heading\" data-id=\"03bc88e\" data-element_type=\"widget\" data-e-type=\"widget\" data-settings=\"{&quot;_animation&quot;:&quot;none&quot;}\" data-widget_type=\"heading.default\">\n\t\t\t\t<div class=\"elementor-widget-container\">\n\t\t\t\t\t<h2 class=\"elementor-heading-title elementor-size-default\"><a href=\"https:\/\/www.safyr-solution.com\/fr\/capteurs-sensor\/\" target=\"_blank\">Nouvelle g\u00e9n\u00e9ration de capteurs temp\u00e9rature &amp; humidit\u00e9 by safyr<\/a><\/h2>\t\t\t\t<\/div>\n\t\t\t\t<\/div>\n\t\t\t\t<div class=\"elementor-element elementor-element-69f96dc elementor-widget elementor-widget-text-editor\" data-id=\"69f96dc\" data-element_type=\"widget\" data-e-type=\"widget\" data-widget_type=\"text-editor.default\">\n\t\t\t\t<div class=\"elementor-widget-container\">\n\t\t\t\t\t\t\t\t\t<p>05 JUILLET 2024\u00a0 \u00a04 MIN.<\/p>\t\t\t\t\t\t\t\t<\/div>\n\t\t\t\t<\/div>\n\t\t\t\t<\/div>\n\t\t<div class=\"elementor-element elementor-element-354fdf2 e-con-full e-flex e-con e-child\" data-id=\"354fdf2\" data-element_type=\"container\" data-e-type=\"container\">\n\t\t\t\t<\/div>\n\t\t<div class=\"elementor-element elementor-element-57c745b e-con-full e-flex e-con e-child\" data-id=\"57c745b\" data-element_type=\"container\" data-e-type=\"container\">\n\t\t\t\t<\/div>\n\t\t<div class=\"elementor-element elementor-element-f0baa32 e-con-full e-flex e-con e-child\" data-id=\"f0baa32\" data-element_type=\"container\" data-e-type=\"container\">\n\t\t\t\t<\/div>\n\t\t\t\t\t<\/div>\n\t\t\t\t<\/div>\n\t\t<div class=\"elementor-element elementor-element-00e7df3 e-flex e-con-boxed e-con e-parent\" data-id=\"00e7df3\" data-element_type=\"container\" data-e-type=\"container\">\n\t\t\t\t\t<div class=\"e-con-inner\">\n\t\t\t\t<div class=\"elementor-element elementor-element-63769d9 elementor-widget elementor-widget-spacer\" data-id=\"63769d9\" data-element_type=\"widget\" data-e-type=\"widget\" data-widget_type=\"spacer.default\">\n\t\t\t\t<div class=\"elementor-widget-container\">\n\t\t\t\t\t\t\t<div class=\"elementor-spacer\">\n\t\t\t<div class=\"elementor-spacer-inner\"><\/div>\n\t\t<\/div>\n\t\t\t\t\t\t<\/div>\n\t\t\t\t<\/div>\n\t\t\t\t\t<\/div>\n\t\t\t\t<\/div>\n\t\t\t\t<\/div>\n\t\t","protected":false},"excerpt":{"rendered":"<p>Blog DERNIER ARTICLE D\u00e9couvrez les nouveaux capteurs de temp\u00e9rature et d&rsquo;humidit\u00e9 relative communiquant en LoRaWAN de safyr Nous pr\u00e9sentons nos nouveaux capteurs de temp\u00e9rature et de pression de nouvelle g\u00e9n\u00e9ration utilisant la technologie LoRaWAN : le TTS (Temperature Transport Sensor), le THS (Temperature Hygrometry Sensor) et le TFS (Temperature Fridge Sensor). Ces produits offrent des [&hellip;]<\/p>\n","protected":false},"author":8,"featured_media":0,"parent":0,"menu_order":0,"comment_status":"closed","ping_status":"closed","template":"","meta":{"footnotes":""},"class_list":["post-987","page","type-page","status-publish","hentry"],"yoast_head":"<!-- This site is optimized with the Yoast SEO plugin v27.2 - https:\/\/yoast.com\/product\/yoast-seo-wordpress\/ -->\n<title>Blog - Safyr<\/title>\n<meta name=\"robots\" content=\"index, follow, max-snippet:-1, max-image-preview:large, max-video-preview:-1\" \/>\n<link rel=\"canonical\" href=\"https:\/\/www.safyr-solution.com\/fr\/blog\/\" \/>\n<meta property=\"og:locale\" content=\"fr_FR\" \/>\n<meta property=\"og:type\" content=\"article\" \/>\n<meta property=\"og:title\" content=\"Blog - Safyr\" \/>\n<meta property=\"og:description\" content=\"Blog DERNIER ARTICLE D\u00e9couvrez les nouveaux capteurs de temp\u00e9rature et d&rsquo;humidit\u00e9 relative communiquant en LoRaWAN de safyr Nous pr\u00e9sentons nos nouveaux capteurs de temp\u00e9rature et de pression de nouvelle g\u00e9n\u00e9ration utilisant la technologie LoRaWAN : le TTS (Temperature Transport Sensor), le THS (Temperature Hygrometry Sensor) et le TFS (Temperature Fridge Sensor). Ces produits offrent des [&hellip;]\" \/>\n<meta property=\"og:url\" content=\"https:\/\/www.safyr-solution.com\/fr\/blog\/\" \/>\n<meta property=\"og:site_name\" content=\"Safyr\" \/>\n<meta property=\"article:modified_time\" content=\"2024-07-08T08:54:50+00:00\" \/>\n<meta property=\"og:image\" content=\"https:\/\/www.safyr-solution.com\/wp-content\/uploads\/elementor\/thumbs\/KKK_2351-scaled-qqnp0t3ul2iv6h1zec72smcbrj415bgzss50yn92t8.jpg\" \/>\n<meta name=\"twitter:card\" content=\"summary_large_image\" \/>\n<meta name=\"twitter:label1\" content=\"Dur\u00e9e de lecture estim\u00e9e\" \/>\n\t<meta name=\"twitter:data1\" content=\"1 minute\" \/>\n<script type=\"application\/ld+json\" class=\"yoast-schema-graph\">{\"@context\":\"https:\/\/schema.org\",\"@graph\":[{\"@type\":\"WebPage\",\"@id\":\"https:\/\/www.safyr-solution.com\/blog\/\",\"url\":\"https:\/\/www.safyr-solution.com\/blog\/\",\"name\":\"Blog - Safyr\",\"isPartOf\":{\"@id\":\"https:\/\/www.safyr-solution.com\/#website\"},\"primaryImageOfPage\":{\"@id\":\"https:\/\/www.safyr-solution.com\/blog\/#primaryimage\"},\"image\":{\"@id\":\"https:\/\/www.safyr-solution.com\/blog\/#primaryimage\"},\"thumbnailUrl\":\"https:\/\/www.safyr-solution.com\/wp-content\/uploads\/elementor\/thumbs\/KKK_2351-scaled-qqnp0t3ul2iv6h1zec72smcbrj415bgzss50yn92t8.jpg\",\"datePublished\":\"2024-07-04T12:15:28+00:00\",\"dateModified\":\"2024-07-08T08:54:50+00:00\",\"breadcrumb\":{\"@id\":\"https:\/\/www.safyr-solution.com\/blog\/#breadcrumb\"},\"inLanguage\":\"fr-FR\",\"potentialAction\":[{\"@type\":\"ReadAction\",\"target\":[\"https:\/\/www.safyr-solution.com\/blog\/\"]}]},{\"@type\":\"ImageObject\",\"inLanguage\":\"fr-FR\",\"@id\":\"https:\/\/www.safyr-solution.com\/blog\/#primaryimage\",\"url\":\"https:\/\/www.safyr-solution.com\/wp-content\/uploads\/elementor\/thumbs\/KKK_2351-scaled-qqnp0t3ul2iv6h1zec72smcbrj415bgzss50yn92t8.jpg\",\"contentUrl\":\"https:\/\/www.safyr-solution.com\/wp-content\/uploads\/elementor\/thumbs\/KKK_2351-scaled-qqnp0t3ul2iv6h1zec72smcbrj415bgzss50yn92t8.jpg\"},{\"@type\":\"BreadcrumbList\",\"@id\":\"https:\/\/www.safyr-solution.com\/blog\/#breadcrumb\",\"itemListElement\":[{\"@type\":\"ListItem\",\"position\":1,\"name\":\"Home\",\"item\":\"https:\/\/www.safyr-solution.com\/fr\/\"},{\"@type\":\"ListItem\",\"position\":2,\"name\":\"Blog\"}]},{\"@type\":\"WebSite\",\"@id\":\"https:\/\/www.safyr-solution.com\/#website\",\"url\":\"https:\/\/www.safyr-solution.com\/\",\"name\":\"Safyr\",\"description\":\"\",\"publisher\":{\"@id\":\"https:\/\/www.safyr-solution.com\/#organization\"},\"potentialAction\":[{\"@type\":\"SearchAction\",\"target\":{\"@type\":\"EntryPoint\",\"urlTemplate\":\"https:\/\/www.safyr-solution.com\/?s={search_term_string}\"},\"query-input\":{\"@type\":\"PropertyValueSpecification\",\"valueRequired\":true,\"valueName\":\"search_term_string\"}}],\"inLanguage\":\"fr-FR\"},{\"@type\":\"Organization\",\"@id\":\"https:\/\/www.safyr-solution.com\/#organization\",\"name\":\"Safyr\",\"url\":\"https:\/\/www.safyr-solution.com\/\",\"logo\":{\"@type\":\"ImageObject\",\"inLanguage\":\"fr-FR\",\"@id\":\"https:\/\/www.safyr-solution.com\/#\/schema\/logo\/image\/\",\"url\":\"https:\/\/www.safyr-solution.com\/wp-content\/uploads\/2022\/12\/Logo.svg\",\"contentUrl\":\"https:\/\/www.safyr-solution.com\/wp-content\/uploads\/2022\/12\/Logo.svg\",\"width\":128,\"height\":36,\"caption\":\"Safyr\"},\"image\":{\"@id\":\"https:\/\/www.safyr-solution.com\/#\/schema\/logo\/image\/\"}}]}<\/script>\n<!-- \/ Yoast SEO plugin. -->","yoast_head_json":{"title":"Blog - Safyr","robots":{"index":"index","follow":"follow","max-snippet":"max-snippet:-1","max-image-preview":"max-image-preview:large","max-video-preview":"max-video-preview:-1"},"canonical":"https:\/\/www.safyr-solution.com\/fr\/blog\/","og_locale":"fr_FR","og_type":"article","og_title":"Blog - Safyr","og_description":"Blog DERNIER ARTICLE D\u00e9couvrez les nouveaux capteurs de temp\u00e9rature et d&rsquo;humidit\u00e9 relative communiquant en LoRaWAN de safyr Nous pr\u00e9sentons nos nouveaux capteurs de temp\u00e9rature et de pression de nouvelle g\u00e9n\u00e9ration utilisant la technologie LoRaWAN : le TTS (Temperature Transport Sensor), le THS (Temperature Hygrometry Sensor) et le TFS (Temperature Fridge Sensor). Ces produits offrent des [&hellip;]","og_url":"https:\/\/www.safyr-solution.com\/fr\/blog\/","og_site_name":"Safyr","article_modified_time":"2024-07-08T08:54:50+00:00","og_image":[{"url":"https:\/\/www.safyr-solution.com\/wp-content\/uploads\/elementor\/thumbs\/KKK_2351-scaled-qqnp0t3ul2iv6h1zec72smcbrj415bgzss50yn92t8.jpg","type":"","width":"","height":""}],"twitter_card":"summary_large_image","twitter_misc":{"Dur\u00e9e de lecture estim\u00e9e":"1 minute"},"schema":{"@context":"https:\/\/schema.org","@graph":[{"@type":"WebPage","@id":"https:\/\/www.safyr-solution.com\/blog\/","url":"https:\/\/www.safyr-solution.com\/blog\/","name":"Blog - Safyr","isPartOf":{"@id":"https:\/\/www.safyr-solution.com\/#website"},"primaryImageOfPage":{"@id":"https:\/\/www.safyr-solution.com\/blog\/#primaryimage"},"image":{"@id":"https:\/\/www.safyr-solution.com\/blog\/#primaryimage"},"thumbnailUrl":"https:\/\/www.safyr-solution.com\/wp-content\/uploads\/elementor\/thumbs\/KKK_2351-scaled-qqnp0t3ul2iv6h1zec72smcbrj415bgzss50yn92t8.jpg","datePublished":"2024-07-04T12:15:28+00:00","dateModified":"2024-07-08T08:54:50+00:00","breadcrumb":{"@id":"https:\/\/www.safyr-solution.com\/blog\/#breadcrumb"},"inLanguage":"fr-FR","potentialAction":[{"@type":"ReadAction","target":["https:\/\/www.safyr-solution.com\/blog\/"]}]},{"@type":"ImageObject","inLanguage":"fr-FR","@id":"https:\/\/www.safyr-solution.com\/blog\/#primaryimage","url":"https:\/\/www.safyr-solution.com\/wp-content\/uploads\/elementor\/thumbs\/KKK_2351-scaled-qqnp0t3ul2iv6h1zec72smcbrj415bgzss50yn92t8.jpg","contentUrl":"https:\/\/www.safyr-solution.com\/wp-content\/uploads\/elementor\/thumbs\/KKK_2351-scaled-qqnp0t3ul2iv6h1zec72smcbrj415bgzss50yn92t8.jpg"},{"@type":"BreadcrumbList","@id":"https:\/\/www.safyr-solution.com\/blog\/#breadcrumb","itemListElement":[{"@type":"ListItem","position":1,"name":"Home","item":"https:\/\/www.safyr-solution.com\/fr\/"},{"@type":"ListItem","position":2,"name":"Blog"}]},{"@type":"WebSite","@id":"https:\/\/www.safyr-solution.com\/#website","url":"https:\/\/www.safyr-solution.com\/","name":"Safyr","description":"","publisher":{"@id":"https:\/\/www.safyr-solution.com\/#organization"},"potentialAction":[{"@type":"SearchAction","target":{"@type":"EntryPoint","urlTemplate":"https:\/\/www.safyr-solution.com\/?s={search_term_string}"},"query-input":{"@type":"PropertyValueSpecification","valueRequired":true,"valueName":"search_term_string"}}],"inLanguage":"fr-FR"},{"@type":"Organization","@id":"https:\/\/www.safyr-solution.com\/#organization","name":"Safyr","url":"https:\/\/www.safyr-solution.com\/","logo":{"@type":"ImageObject","inLanguage":"fr-FR","@id":"https:\/\/www.safyr-solution.com\/#\/schema\/logo\/image\/","url":"https:\/\/www.safyr-solution.com\/wp-content\/uploads\/2022\/12\/Logo.svg","contentUrl":"https:\/\/www.safyr-solution.com\/wp-content\/uploads\/2022\/12\/Logo.svg","width":128,"height":36,"caption":"Safyr"},"image":{"@id":"https:\/\/www.safyr-solution.com\/#\/schema\/logo\/image\/"}}]}},"_links":{"self":[{"href":"https:\/\/www.safyr-solution.com\/fr\/wp-json\/wp\/v2\/pages\/987","targetHints":{"allow":["GET"]}}],"collection":[{"href":"https:\/\/www.safyr-solution.com\/fr\/wp-json\/wp\/v2\/pages"}],"about":[{"href":"https:\/\/www.safyr-solution.com\/fr\/wp-json\/wp\/v2\/types\/page"}],"author":[{"embeddable":true,"href":"https:\/\/www.safyr-solution.com\/fr\/wp-json\/wp\/v2\/users\/8"}],"replies":[{"embeddable":true,"href":"https:\/\/www.safyr-solution.com\/fr\/wp-json\/wp\/v2\/comments?post=987"}],"version-history":[{"count":85,"href":"https:\/\/www.safyr-solution.com\/fr\/wp-json\/wp\/v2\/pages\/987\/revisions"}],"predecessor-version":[{"id":1150,"href":"https:\/\/www.safyr-solution.com\/fr\/wp-json\/wp\/v2\/pages\/987\/revisions\/1150"}],"wp:attachment":[{"href":"https:\/\/www.safyr-solution.com\/fr\/wp-json\/wp\/v2\/media?parent=987"}],"curies":[{"name":"wp","href":"https:\/\/api.w.org\/{rel}","templated":true}]}}